{"id":1186,"date":"2019-10-05T01:47:00","date_gmt":"2019-10-05T01:47:00","guid":{"rendered":"https:\/\/fugashinshoemaker.com\/?page_id=1186"},"modified":"2019-10-05T04:24:06","modified_gmt":"2019-10-05T04:24:06","slug":"van-chuyen","status":"publish","type":"page","link":"https:\/\/fugashinshoemaker.com\/vi\/van-chuyen\/","title":{"rendered":"V\u1eadn chuy\u1ec3n"},"content":{"rendered":"<h3>V\u1eacN CHUY\u1ec2N<\/h3>\n<p>Fugashin mi\u1ec5n ph\u00ed v\u1eadn chuy\u1ec3n cho c\u00e1c \u0111\u01a1n h\u00e0ng trong l\u00e3nh th\u1ed5 Vi\u1ec7t Nam. Fugashin s\u1eed d\u1ee5ng c\u00e1c \u0111\u01a1n v\u1ecb v\u1eadn chuy\u1ec3n trong n\u01b0\u1edbc \u0111\u1ec3 v\u1eadn chuy\u1ec3n \u0111\u01a1n h\u00e0ng. \u0110\u01a1n h\u00e0ng s\u1ebd \u0111\u01b0\u1ee3c g\u1edfi \u0111i t\u1ea1i showroom m\u00e0 \u0111\u01a1n h\u00e0ng \u0111\u00e3 thanh to\u00e1n.<\/p>\n","protected":false},"excerpt":{"rendered":"<p>V\u1eacN CHUY\u1ec2N Fugashin mi\u1ec5n ph\u00ed v\u1eadn chuy\u1ec3n cho c\u00e1c \u0111\u01a1n h\u00e0ng trong l\u00e3nh th\u1ed5 Vi\u1ec7t Nam. Fugashin s\u1eed d\u1ee5ng c\u00e1c \u0111\u01a1n v\u1ecb v\u1eadn chuy\u1ec3n trong n\u01b0\u1edbc \u0111\u1ec3 v\u1eadn chuy\u1ec3n \u0111\u01a1n&#8230;<\/p>\n","protected":false},"author":40,"featured_media":0,"parent":0,"menu_order":0,"comment_status":"closed","ping_status":"closed","template":"","meta":{"_acf_changed":false,"footnotes":""},"yst_prominent_words":[502,503,494,504,505,362,498,495,493,492],"class_list":["post-1186","page","type-page","status-publish","hentry"],"acf":[],"_links":{"self":[{"href":"https:\/\/fugashinshoemaker.com\/vi\/wp-json\/wp\/v2\/pages\/1186","targetHints":{"allow":["GET"]}}],"collection":[{"href":"https:\/\/fugashinshoemaker.com\/vi\/wp-json\/wp\/v2\/pages"}],"about":[{"href":"https:\/\/fugashinshoemaker.com\/vi\/wp-json\/wp\/v2\/types\/page"}],"author":[{"embeddable":true,"href":"https:\/\/fugashinshoemaker.com\/vi\/wp-json\/wp\/v2\/users\/40"}],"replies":[{"embeddable":true,"href":"https:\/\/fugashinshoemaker.com\/vi\/wp-json\/wp\/v2\/comments?post=1186"}],"version-history":[{"count":3,"href":"https:\/\/fugashinshoemaker.com\/vi\/wp-json\/wp\/v2\/pages\/1186\/revisions"}],"predecessor-version":[{"id":1201,"href":"https:\/\/fugashinshoemaker.com\/vi\/wp-json\/wp\/v2\/pages\/1186\/revisions\/1201"}],"wp:attachment":[{"href":"https:\/\/fugashinshoemaker.com\/vi\/wp-json\/wp\/v2\/media?parent=1186"}],"wp:term":[{"taxonomy":"yst_prominent_words","embeddable":true,"href":"https:\/\/fugashinshoemaker.com\/vi\/wp-json\/wp\/v2\/yst_prominent_words?post=1186"}],"curies":[{"name":"wp","href":"https:\/\/api.w.org\/{rel}","templated":true}]}}