{"id":612,"date":"2019-09-08T15:26:26","date_gmt":"2019-09-08T15:26:26","guid":{"rendered":"https:\/\/son3cechinhhang.com\/?page_id=612"},"modified":"2020-10-05T13:00:03","modified_gmt":"2020-10-05T13:00:03","slug":"dong-do-chan-giay","status":"publish","type":"page","link":"https:\/\/fugashinshoemaker.com\/vi\/dong-do-chan-giay\/","title":{"rendered":"\u0110\u00f3ng \u0111o ch\u00e2n (gi\u00e0y&#8230;)"},"content":{"rendered":"<h2><a href=\"#my-id\">model<\/a><\/h2>\n<h2><a href=\"#my-id1\">leather<\/a><\/h2>\n<h2><a href=\"#my-id2\">last<\/a><\/h2>\n<h2><a href=\"#my-id3\">sole<\/a><\/h2>\n<h2><a href=\"#my-id4\">custom fit<\/a><\/h2>\n<h2><a href=\"#my-id5\">contact<\/a><\/h2>\n<figure><a href=\"&lt;a id=&quot;my-id&quot;&gt;&lt;\/a&gt;\" data-elementor-open-lightbox=\"\"><br \/>\n<img loading=\"lazy\" decoding=\"async\" src=\"https:\/\/fugashinshoemaker.com\/wp-content\/uploads\/2019\/08\/shoescirclefu-768x768.jpg\" sizes=\"auto, (max-width: 768px) 100vw, 768px\" srcset=\"https:\/\/fugashinshoemaker.com\/wp-content\/uploads\/2019\/08\/shoescirclefu-768x768.jpg 768w, https:\/\/fugashinshoemaker.com\/wp-content\/uploads\/2019\/08\/shoescirclefu-100x100.jpg 100w, https:\/\/fugashinshoemaker.com\/wp-content\/uploads\/2019\/08\/shoescirclefu.jpg 960w\" alt=\"\" width=\"768\" height=\"768\" \/> <\/a><figcaption><\/figcaption><\/figure>\n<p>Qu\u00fd kh\u00e1ch c\u00f3 th\u1ec3 \u0111\u1eb7t \u0111\u00f3ng m\u1ed9t \u0111\u00f4i gi\u00e0y theo \u0111\u00fang \u00fd th\u00edch c\u1ee7a m\u00ecnh, d\u1ef1a theo c\u00e1c m\u1eabu c\u00f3 s\u1eb5n c\u1ee7a ch\u00fang t\u00f4i tr\u00ean\u00a0<a href=\"https:\/\/www.instagram.com\/fugashin_official\" target=\"_blank\" rel=\"noopener noreferrer\">Instagram<\/a>\u00a0hay\u00a0<a href=\"https:\/\/www.facebook.com\/Fugashinshoemaker\/\" target=\"_blank\" rel=\"noopener noreferrer\">Facebook.<\/a><\/p>\n<a id=\"my-id1\"><\/a>\n<figure><img loading=\"lazy\" decoding=\"async\" src=\"https:\/\/fugashinshoemaker.com\/wp-content\/uploads\/2019\/09\/fswatch-768x149.jpg\" alt=\"\" width=\"768\" height=\"149\" \/><figcaption>L\u1ef1a ch\u1ecdn da tu\u1ef3 \u00fd t\u1eeb kho da c\u1ee7a Fugashin.<\/figcaption><\/figure>\n<a id=\"my-id2\"><\/a>\n<figure><img loading=\"lazy\" decoding=\"async\" src=\"https:\/\/fugashinshoemaker.com\/wp-content\/uploads\/2019\/10\/lst-768x511.jpg\" sizes=\"auto, (max-width: 768px) 100vw, 768px\" srcset=\"https:\/\/fugashinshoemaker.com\/wp-content\/uploads\/2019\/10\/lst-768x511.jpg 768w, https:\/\/fugashinshoemaker.com\/wp-content\/uploads\/2019\/10\/lst.jpg 960w\" alt=\"\" width=\"768\" height=\"511\" \/><figcaption>Tu\u1ef3 ch\u1ecdn last (phom gi\u00e0y) ph\u00f9 h\u1ee3p, theo th\u1ea9m m\u1ef9 c\u1ee7a qu\u00fd kh\u00e1ch<\/figcaption><\/figure>\n<a id=\"my-id3\"><\/a>\n<figure><img loading=\"lazy\" decoding=\"async\" src=\"https:\/\/fugashinshoemaker.com\/wp-content\/uploads\/2019\/10\/fsw036-4.jpg\" alt=\"\" width=\"640\" height=\"424\" \/><figcaption>Ch\u1ecdn \u0111\u1ebf hay \u0111\u1ebf cao su.<\/figcaption><\/figure>\n<a id=\"my-id4\"><\/a>\n<figure><img loading=\"lazy\" decoding=\"async\" src=\"https:\/\/fugashinshoemaker.com\/wp-content\/uploads\/2019\/10\/modlast-768x312.jpg\" sizes=\"auto, (max-width: 768px) 100vw, 768px\" srcset=\"https:\/\/fugashinshoemaker.com\/wp-content\/uploads\/2019\/10\/modlast-768x312.jpg 768w, https:\/\/fugashinshoemaker.com\/wp-content\/uploads\/2019\/10\/modlast.jpg 1064w\" alt=\"\" width=\"768\" height=\"312\" \/><figcaption>Fugashin cung c\u1ea5p d\u1ecbch v\u1ee5 \u0111\u1eafp g\u1ecdt last \u0111\u1ec3 v\u1eeba ch\u00e2n qu\u00fd kh\u00e1ch. Ngo\u00e0i ra Fugashin c\u00f2n c\u00f3 th\u1ec3 ch\u1ec9nh s\u1eeda d\u00e1ng h\u00ecnh last \u0111\u1ec3 t\u1ea1o ra last c\u00e1 nh\u00e2n. Th\u00f4ng tin chi ti\u1ebft vui l\u00f2ng li\u00ean h\u1ec7 ch\u00fang t\u00f4i qua c\u00e1c ph\u01b0\u01a1ng ti\u1ec7n truy\u1ec1n th\u00f4ng hay email.<\/figcaption><\/figure>\n<a id=\"my-id5\"><\/a>\n<p><img loading=\"lazy\" decoding=\"async\" src=\"http:\/\/demo203.ahngroup.vn\/wp-content\/uploads\/2019\/08\/logo4.png\" alt=\"\" width=\"268\" height=\"268\" \/><\/p>\n<p><strong>\u0110\u1ec3 \u0111\u1eb7t h\u00e0ng, li\u00ean h\u1ec7 t\u1ea1i: Info@thuanbuom.com <\/strong><\/p>\n","protected":false},"excerpt":{"rendered":"<p>model leather last sole custom fit contact Qu\u00fd kh\u00e1ch c\u00f3 th\u1ec3 \u0111\u1eb7t \u0111\u00f3ng m\u1ed9t \u0111\u00f4i gi\u00e0y theo \u0111\u00fang \u00fd th\u00edch c\u1ee7a m\u00ecnh, d\u1ef1a theo c\u00e1c m\u1eabu c\u00f3 s\u1eb5n c\u1ee7a ch\u00fang&#8230;<\/p>\n","protected":false},"author":40,"featured_media":0,"parent":0,"menu_order":0,"comment_status":"closed","ping_status":"closed","template":"","meta":{"_acf_changed":false,"footnotes":""},"yst_prominent_words":[502,637,496,317,634,322,427,178,639,180,362,640,636,433,633,432,312,638,635,497],"class_list":["post-612","page","type-page","status-publish","hentry"],"acf":[],"_links":{"self":[{"href":"https:\/\/fugashinshoemaker.com\/vi\/wp-json\/wp\/v2\/pages\/612","targetHints":{"allow":["GET"]}}],"collection":[{"href":"https:\/\/fugashinshoemaker.com\/vi\/wp-json\/wp\/v2\/pages"}],"about":[{"href":"https:\/\/fugashinshoemaker.com\/vi\/wp-json\/wp\/v2\/types\/page"}],"author":[{"embeddable":true,"href":"https:\/\/fugashinshoemaker.com\/vi\/wp-json\/wp\/v2\/users\/40"}],"replies":[{"embeddable":true,"href":"https:\/\/fugashinshoemaker.com\/vi\/wp-json\/wp\/v2\/comments?post=612"}],"version-history":[{"count":4,"href":"https:\/\/fugashinshoemaker.com\/vi\/wp-json\/wp\/v2\/pages\/612\/revisions"}],"predecessor-version":[{"id":2015,"href":"https:\/\/fugashinshoemaker.com\/vi\/wp-json\/wp\/v2\/pages\/612\/revisions\/2015"}],"wp:attachment":[{"href":"https:\/\/fugashinshoemaker.com\/vi\/wp-json\/wp\/v2\/media?parent=612"}],"wp:term":[{"taxonomy":"yst_prominent_words","embeddable":true,"href":"https:\/\/fugashinshoemaker.com\/vi\/wp-json\/wp\/v2\/yst_prominent_words?post=612"}],"curies":[{"name":"wp","href":"https:\/\/api.w.org\/{rel}","templated":true}]}}