{"id":777,"date":"2019-09-19T09:48:26","date_gmt":"2019-09-19T09:48:26","guid":{"rendered":"http:\/\/demo215.ahngroup.vn\/?page_id=777"},"modified":"2019-10-05T04:17:30","modified_gmt":"2019-10-05T04:17:30","slug":"privacy-policy","status":"publish","type":"page","link":"https:\/\/fugashinshoemaker.com\/vi\/privacy-policy\/","title":{"rendered":"Privacy Policy"},"content":{"rendered":"<h3>CH\u00cdNH S\u00c1CH QUY\u1ec0N RI\u00caNG T\u01af<\/h3>\n<p>Tuy\u00ean b\u1ed1 v\u1ec1 quy\u1ec1n ri\u00eang t\u01b0<\/p>\n<hr \/>\n<p>Fugashin cam k\u1ebft b\u1ea3o v\u1ec7 quy\u1ec1n ri\u00eang t\u01b0 c\u1ee7a ng\u01b0\u1eddi d\u00f9ng. N\u1ebfu qu\u00fd kh\u00e1ch \u0111ang l\u00e0 tr\u1ebb v\u1ecb th\u00e0nh ni\u00ean d\u01b0\u1edbi 18 tu\u1ed5i, vui l\u00f2ng th\u00f4ng b\u00e1o cho ph\u1ee5 huynh ho\u1eb7c ng\u01b0\u1eddi b\u1ea3o h\u1ed9 h\u1ee3p ph\u00e1p v\u1ec1 ch\u00ednh s\u00e1ch c\u1ee7a Fugashin.<\/p>\n<p>Ch\u00fang t\u00f4i thu th\u1eadp th\u00f4ng tin c\u00e1 nh\u00e2n \u0111\u1ec3 c\u1ea3i thi\u1ec7n ch\u1ea5t l\u01b0\u1ee3ng d\u1ecbch v\u1ee5, ch\u1ea5t l\u01b0\u1ee3ng tr\u1ea3i nghi\u1ec7m mua s\u1eafm online v\u00e0 c\u1eadp nh\u1eadp qu\u00fd kh\u00e1ch c\u00e1c th\u00f4ng tin v\u1ec1 c\u00f4ng ty v\u00e0 s\u1ea3n ph\u1ea9m.<\/p>\n<p>Tuy\u00ean b\u1ed1 n\u00e0y ch\u1ec9 \u00e1p d\u1ee5ng cho d\u1eef li\u1ec7u thu th\u1eadp qua trang web c\u1ee7a Fugashin \u1edf <a href=\"https:\/\/fugashinshoemaker.com\/vi\/\" target=\"_blank\" rel=\"noopener noreferrer\">www.fugashinshoemaker.com<\/a>. Qua vi\u1ec7c truy c\u1eadp trang web n\u00e0y, qu\u00fd kh\u00e1ch \u0111\u00e3 ch\u1ea5p thu\u1eadn Tuy\u00ean b\u1ed1 v\u1ec1 quy\u1ec3n ri\u00eang t\u01b0 n\u00e0y v\u00e0 cho ph\u00e9p ch\u00fang t\u00f4i thu th\u1eadp v\u00e0 s\u1eed d\u1ee5ng d\u1eef li\u1ec7u theo \u0111\u00fang c\u00e1c \u0111i\u1ec1u kho\u1ea3n m\u00e0 Tuy\u00ean b\u1ed1 n\u00e0y \u0111\u1ec1 ra. Th\u00f4ng qua trang web n\u00e0y, ch\u00fang t\u00f4i thu th\u1eadp c\u00e1c d\u1eef li\u1ec7u m\u00e0 qu\u00fd kh\u00e1ch tr\u1ee5c ti\u1ebfp cung c\u1ea5p \u0111\u1ed3ng th\u1eddi c\u00e1c d\u1eef li\u1ec7u m\u00e0 ch\u00fang t\u00f4i gi\u00e1n ti\u1ebfp nh\u1eadn.<\/p>\n<p>Khi qu\u00fd kh\u00e1ch mua h\u00e0ng qua trang web c\u1ee7a ch\u00fang t\u00f4i v\u00e0 tr\u1ee5c ti\u1ebfp cung c\u1ea5p d\u1eef li\u1ec7u cho ch\u00fang t\u00f4i. Qu\u00fd kh\u00e1ch \u0111ang cung c\u1ea5p, v\u00e0 ch\u00fang t\u00f4i \u0111ang thu c\u00e1c d\u1eef li\u1ec7u nh\u01b0: t\u00ean, \u0111\u1ecba ch\u1ec9 email, \u0111\u1ecba ch\u1ec9 thanh to\u00e1n, \u0111\u1ecba ch\u1ec9 giao h\u00e0ng v\u00e0 s\u1ed1 \u0111i\u1ec7n tho\u1ea1i c\u1ee7a qu\u00fd kh\u00e1ch. Khi \u0111\u00f3,qu\u00fd kh\u00e1ch s\u1ebd bi\u1ebft r\u00f5 ch\u00fang t\u00f4i \u0111ang thu th\u1eadp c\u00e1c d\u1eef li\u1ec7u n\u00e0o tr\u00ean trang web, do qu\u00fd kh\u00e1ch \u0111\u00e3 tr\u1ef1c ti\u1ebfp cung c\u1ea5p c\u00e1c d\u1eef li\u1ec7u \u0111\u1ea5y. Ch\u00fang t\u00f4i thu th\u1eadp d\u1eef li\u1ec7u v\u1edbi m\u1ee5c \u0111\u00edch m\u00e0 qu\u00fd kh\u00e1ch g\u1eedi \u0111\u1ec3 th\u1ef1c hi\u1ec7n (v\u00ed d\u1ee5: b\u00e1n v\u00e0 giao s\u1ea3n ph\u1ea9m). Ch\u00fang t\u00f4i c\u0169ng c\u00f3 th\u1ec3 n\u1ed9i b\u1ed9 s\u1eed d\u1ee5ng c\u00e1c d\u1eef li\u1ec7u n\u00e0y \u0111\u1ec3 c\u1ea3i thi\u1ec7n s\u1ea3n ph\u1ea9m, d\u1ecbch v\u1ee5 v\u00e0 cho c\u00e1c m\u1ee5c \u0111\u00edch qu\u1ea3ng c\u00e1o,qu\u1ea3ng b\u00e1 s\u1ea3n ph\u1ea9m, s\u1ef1 ki\u1ec7n. Qu\u00fd kh\u00e1ch c\u00f3 th\u1ec3 tu\u1ef3 \u00fd ch\u1ecdn kh\u00f4ng nh\u1eadn c\u00e1c email qu\u1ea3ng c\u00e1o.<\/p>\n<p>Fugashin kh\u00f4ng b\u00e1n hay chia s\u1ebb d\u1eef li\u1ec7u c\u1ee7a qu\u00fd kh\u00e1ch cho b\u00ean th\u1ee9 ba.<\/p>\n<p>1. CH\u00daNG T\u00d4I L\u00c0M G\u00cc V\u1edaI TH\u00d4NG TIN C\u1ee6A QU\u00dd KH\u00c1CH?<\/p>\n<p>Khi qu\u00fd kh\u00e1ch mua h\u00e0ng t\u1eeb c\u1eeda h\u00e0ng \u0111i\u1ec7n t\u1eed c\u1ee7a ch\u00fang t\u00f4i, \u0111\u1ec3 th\u1ef1c hi\u1ec7n thao t\u00e1c mua b\u00e1n, ch\u00fang t\u00f4i thu th\u1eadp th\u00f4ng tin c\u00e1 nh\u00e2n c\u1ee7a qu\u00fd kh\u00e1ch m\u00e0 qu\u00fd kh\u00e1ch trao cho ch\u00fang t\u00f4i nh\u01b0 t\u00ean, \u0111\u1ecba ch\u1ec9 v\u00e0 d\u1ecba ch\u1ec9 email. Khi qu\u00fd kh\u00e1ch truy c\u1eadp c\u1eeda h\u00e0ng c\u1ee7a ch\u00fang t\u00f4i, ch\u00fang t\u00f4i c\u0169ng t\u1ef1 \u0111\u1ed9ng nh\u1eadn \u0111\u1ecba ch\u1ec9 IP c\u1ee7a m\u00e1y qu\u00fd kh\u00e1ch d\u1ec3 cung c\u1ea5p cho ch\u00fang t\u00f4i c\u00e1c th\u00f4ng tin gi\u00fap ch\u00fang t\u00f4i hi\u1ec3u v\u1ec1 tr\u00ecnh duy\u1ec7t web v\u00e0 h\u1ec7 \u0111i\u1ec1u h\u00e0nh c\u1ee7a m\u00e1y qu\u00fd kh\u00e1ch. V\u1edbi s\u1ef1 cho ph\u00e9p c\u1ee7a qu\u00fd kh\u00e1ch, ch\u00fang t\u00f4i c\u00f3 th\u1ec3 g\u1eedi c\u00e1c email v\u1edbi m\u1ee5c \u0111\u00edch qu\u1ea3ng c\u00e1o, truy\u1ec1n th\u00f4ng.<\/p>\n<p>&nbsp;<\/p>\n<p>2. L\u00c0M C\u00c1CH N\u00c0O TRANG L\u1ea4Y \u0110\u01af\u01a0C S\u1ee4 CHO PH\u00c9P C\u1ee6A T\u00d4I?<\/p>\n<p>Khi qu\u00fd kh\u00e1ch cung c\u1ea5p c\u00e1c th\u00f4ng tin c\u00e1 nh\u00e2n \u0111\u1ec3 ho\u00e0n t\u1ea5t giao d\u1ecbch, \u0111\u1eb7t h\u00e0ng, s\u1eafp x\u1ebfp v\u1eadn chuy\u1ec3n hay \u0111\u1ed5i tr\u1ea3, ch\u00fang t\u00f4i t\u1ef1 hi\u1ec3u qu\u00fd kh\u00e1ch cho ph\u00e9p ch\u00fang t\u00f4i thu th\u1eadp c\u00e1c th\u00f4ng tin \u0111\u00f3 cho \u0111\u00fang c\u00e1c m\u1ee5c \u0111\u00edch c\u1ea7n n\u00f3.<\/p>\n<p>N\u1ebfu ch\u00fang t\u00f4i c\u00f3 h\u1ecfi tr\u1ef1c tig\u1ebfp c\u00e1c th\u00f4ng tin c\u00e1 nh\u00e2n c\u1ee7a qu\u00fd kh\u00e1ch v\u00ec c\u00e1c m\u1ee5c \u0111\u00edch ph\u1ee5 nh\u01b0 marketing, ch\u00fang t\u00f4i s\u1ebd h\u1ecfi tr\u1ef1c ti\u1ebfp \u0111\u1ec3 nh\u1eadn s\u1ef1 cho ph\u00e9p tr\u1ef1c ti\u1ebfp t\u1eeb qu\u00fd kh\u00e1ch v\u00e0 cho qu\u00fd kh\u00e1ch quy\u1ec1n n\u00f3i kh\u00f4ng. Qu\u00fd kh\u00e1ch c\u00f3 th\u1ec3 thu h\u1ed3i th\u00f4ng tin c\u00e1 nh\u00e2n c\u1ee7a m\u00ecnh b\u1ea5t c\u1ee9 l\u00fac n\u00e0o b\u1eb1ng c\u00e1ch li\u00ean h\u1ec7 ch\u00fang t\u00f4i t\u1ea1i cs.fugashin@gmail.com<\/p>\n<p>&nbsp;<\/p>\n<p>3. TI\u00caT L\u1ed8<\/p>\n<p>Ch\u00fang t\u00f4i c\u00f3 th\u1ec3 ti\u1ebft l\u1ed9 c\u00e1c th\u00f4ng tin c\u00e1 nh\u00e2n c\u1ee7a qu\u00fd kh\u00e1ch n\u1ebfu \u0111\u01b0\u1ee3c Ph\u00e1p Lu\u1eadt y\u00eau c\u1ea7u.<\/p>\n<p>&nbsp;<\/p>\n<p>4. C\u00c1C \u0110\u01af\u1edcNG D\u1eaaN<\/p>\n<p>Tr\u00ean trang web c\u1ee7a ch\u00fang t\u00f4i c\u00f3 th\u1ec3 c\u00f3 c\u00e1c \u0111\u01b0\u1eddng d\u1eabn t\u1edbi nh\u1eefng trang web kh\u00e1c. T\u1ea1i d\u00f3, Ch\u00ednh s\u00e1ch quy\u1ec1n ri\u00eang t\u01b0 c\u1ee7a ch\u00fang t\u00f4i kh\u00f4ng \u00e1p d\u1ee5ng. Ch\u00fang t\u00f4i kh\u00f4ng ki\u1ec3m so\u00e1t c\u00e1c trang\u00a0 \u0111\u01b0\u1ee3c v\u1eadn h\u00e0nh b\u1edfi b\u00ean kh\u00e1c v\u00e0 kh\u00f4ng ch\u1ecbu tr\u00e1ch nhi\u1ec7m cho c\u00e1c ch\u00ednh s\u00e1ch ri\u00eang t\u01b0 c\u1ee7a c\u00e1c trang \u0111\u00f3.<\/p>\n<p>&nbsp;<\/p>\n<p>5. B\u1ea2O M\u1eacT<\/p>\n<p>Ch\u00fang t\u00f4i th\u1ef1c hi\u1ec7n nhi\u1ec1u b\u01b0\u1edbc \u0111\u1ec3 b\u1ea3o v\u1ec7 c\u00e1c th\u00f4ng tin c\u00e1 nh\u00e2n kh\u1ecfi m\u1ea5t m\u00e1t, truy c\u1eadp tr\u00e1i ph\u00e9p, ti\u1ebft l\u1ed9, thay \u0111\u1ed5i hay hu\u1ef7 ho\u1ea1i. Nh\u01b0ng qu\u00fd kh\u00e1ch n\u00ean hi\u1ec3u r\u1eb1ng kh\u00f4ng c\u00f3 truy\u1ec1n d\u1eabn qua m\u1ea1ng n\u00e0o ho\u00e0n to\u00e0n ch\u1eafc ch\u1eafn v\u00e0 kh\u00f4ng l\u1ed7i. V\u00ed d\u1ee5, email g\u1eedi t\u1edbi hay t\u1eeb trang c\u1ee7a ch\u00fang t\u00f4i c\u00f3 th\u1ec3 kh\u00f4ng \u0111\u1ea3m b\u1ea3o. \u0110\u01b0\u1eddng truy\u1ec1n t\u1edbi trang c\u1ee7a ch\u00fang t\u00f4i d\u01b0\u1ee3c m\u00e3 ho\u00e1 s\u1eed d\u1ee5ng c\u00f4ng ngh\u1ec7 secure socket layer (SSL) v\u00e0 l\u01b0u v\u1edbi m\u00e3 ho\u00e1 AES-256. Tuy nhi\u00ean kh\u00f4ng ph\u01b0\u01a1ng th\u1ee9c truy\u1ec1n d\u1eabn qua Internet n\u00e0o d\u1ea3m b\u1ea3o 100%. Ch\u00fang t\u00f4i kh\u00f4ng l\u01b0u d\u1eef li\u1ec7u thanh to\u00e1n v\u00e0 th\u1ef1c hi\u1ec7n thanh to\u00e1n th\u00f4ng qua b\u1ea3o m\u1eadt c\u1ee7a ng\u00e2n h\u00e0ng v\u00e0 PayPal.<\/p>\n<p>&nbsp;<\/p>\n<p>6. THAY \u0110\u1ed4I V\u1ec0 CH\u00cdNH S\u00c1CH QUY\u1ec0N RI\u00caNG T\u01af N\u00c0Y<\/p>\n<p>Ch\u00fang t\u00f4i c\u00f3 quy\u1ec1n thay \u0111\u1ed5i ch\u00ednh s\u00e1ch ri\u00eang t\u01b0 n\u00e0y b\u1ea5t k\u1ef3 l\u00fac n\u00e0o, n\u00ean phi\u1ec1n qu\u00fd kh\u00e1ch ki\u1ec3m tra th\u01b0\u1eddng xuy\u00ean. Thay \u0111\u1ed5i s\u1ebd c\u00f3 hi\u1ec7u l\u1ef1c ngay v\u00e0o l\u00fac n\u00f3 \u0111\u01b0\u1ee3c \u0111\u0103ng tr\u00ean trang web. N\u1ebfu ch\u00fang t\u00f4i c\u00f3 thay d\u1ed5i ch\u00ednh s\u00e1ch, ch\u00fang t\u00f4i s\u1ebd th\u00f4ng b\u00e1o \u1edf trang n\u00e0y l\u00e0 ch\u00ednh s\u00e1ch \u0111\u00e3 \u0111\u01b0\u1ee3c c\u1eadp nh\u1eadp, \u0111\u1ec3 qu\u00fd kh\u00e1ch c\u00f3 th\u1ec3 hi\u1ec3u r\u00f5 c\u00e1c th\u00f4ng tin n\u00e0o ch\u00fang t\u00f4i thu th\u1eadp v\u00e0 d\u00f9ng nh\u01b0 th\u1ebf n\u00e0o, d\u01b0\u1edbi c\u00e1c tr\u01b0\u1eddng h\u1ee3p n\u00e0o, n\u1ebfu c\u00f3, m\u00e0 ch\u00fang t\u00f4i s\u1ebd s\u1eed d\u1ee5ng v\u00e0 ti\u1ebft l\u1ed9 n\u00f3. N\u1ebfu ch\u00fang t\u00f4i \u0111\u01b0\u1ee3c mua l\u1ea1i hay s\u00e1p nh\u1eadp, th\u00f4ng tin c\u1ee7a qu\u00fd kh\u00e1ch s\u1ebd \u0111\u01b0\u1ee3c chuy\u1ec3n cho ch\u1ee7 m\u1edbi \u0111\u1ec3 ch\u00fang t\u00f4i c\u00f3 th\u1ec3 ti\u1ebfp t\u1ee5c b\u00e1n s\u1ea3n ph\u1ea9m cho qu\u00fd kh\u00e1ch.<\/p>\n<p>LI\u00caN L\u1ea0C<\/p>\n<p>N\u1ebfu qu\u00fd kh\u00e1ch mu\u1ed1n : truy c\u1eadp, ch\u1ec9nh s\u1eeda, thay \u0111\u1ed5i hay xo\u00e1 b\u1ea5t k\u1ef3 th\u00f4ng tin n\u00e0o ch\u00fang t\u00f4i c\u00f3 v\u1ec1 qu\u00fd kh\u00e1ch, ph\u00e0n n\u00e0n, hay mu\u1ed1n c\u00f3 th\u00eam th\u00f4ng tin th\u00ec c\u00f3 th\u1ec3 li\u00ean l\u1ea1c v\u1edbi ch\u00fang t\u00f4i qua email sau: cs.fugashin@gmail.com ho\u1eb7c info@thuanbuom.com<\/p>\n","protected":false},"excerpt":{"rendered":"<p>CH\u00cdNH S\u00c1CH QUY\u1ec0N RI\u00caNG T\u01af Tuy\u00ean b\u1ed1 v\u1ec1 quy\u1ec1n ri\u00eang t\u01b0 Fugashin cam k\u1ebft b\u1ea3o v\u1ec7 quy\u1ec1n ri\u00eang t\u01b0 c\u1ee7a ng\u01b0\u1eddi d\u00f9ng. N\u1ebfu qu\u00fd kh\u00e1ch \u0111ang l\u00e0 tr\u1ebb v\u1ecb th\u00e0nh&#8230;<\/p>\n","protected":false},"author":40,"featured_media":0,"parent":0,"menu_order":0,"comment_status":"closed","ping_status":"closed","template":"","meta":{"footnotes":""},"yst_prominent_words":[326,450,484,487,485,491,490,327,442,444,489,318,313,314,311,316,315,320,325,445],"class_list":["post-777","page","type-page","status-publish","hentry"],"_links":{"self":[{"href":"https:\/\/fugashinshoemaker.com\/vi\/wp-json\/wp\/v2\/pages\/777","targetHints":{"allow":["GET"]}}],"collection":[{"href":"https:\/\/fugashinshoemaker.com\/vi\/wp-json\/wp\/v2\/pages"}],"about":[{"href":"https:\/\/fugashinshoemaker.com\/vi\/wp-json\/wp\/v2\/types\/page"}],"author":[{"embeddable":true,"href":"https:\/\/fugashinshoemaker.com\/vi\/wp-json\/wp\/v2\/users\/40"}],"replies":[{"embeddable":true,"href":"https:\/\/fugashinshoemaker.com\/vi\/wp-json\/wp\/v2\/comments?post=777"}],"version-history":[{"count":5,"href":"https:\/\/fugashinshoemaker.com\/vi\/wp-json\/wp\/v2\/pages\/777\/revisions"}],"predecessor-version":[{"id":1197,"href":"https:\/\/fugashinshoemaker.com\/vi\/wp-json\/wp\/v2\/pages\/777\/revisions\/1197"}],"wp:attachment":[{"href":"https:\/\/fugashinshoemaker.com\/vi\/wp-json\/wp\/v2\/media?parent=777"}],"wp:term":[{"taxonomy":"yst_prominent_words","embeddable":true,"href":"https:\/\/fugashinshoemaker.com\/vi\/wp-json\/wp\/v2\/yst_prominent_words?post=777"}],"curies":[{"name":"wp","href":"https:\/\/api.w.org\/{rel}","templated":true}]}}